{"id":2248,"date":"2025-09-16T20:37:16","date_gmt":"2025-09-16T20:37:16","guid":{"rendered":"https:\/\/jslcollection.store\/wp\/produto\/blusa-cropped\/"},"modified":"2026-04-06T00:01:17","modified_gmt":"2026-04-06T00:01:17","slug":"blusa-cropped","status":"publish","type":"product","link":"https:\/\/jslcollection.store\/wp\/produto\/blusa-cropped\/","title":{"rendered":"BLUSA CROPPED FLORA"},"content":{"rendered":"<p><strong><\/strong><\/p>\n<p>Um toque de cor e alegria para o seu dia! \ud83c\udf3a\u2728<\/p>\n<p>Nosso <strong>wrap top floral<\/strong> \u00e9 a pe\u00e7a perfeita para adicionar um visual vibrante e cheio de estilo ao seu guarda-roupa. Com uma estampa de flores tropicais super coloridas em fundo preto, esta blusa tem um caimento leve e elegante, perfeito para usar com cal\u00e7a, saia, short. O decote V valoriza a silhueta, e o fechamento em amarra\u00e7\u00e3o na lateral permite um ajuste perfeito ao corpo.<\/p>\n<p><strong>Perfeita para:<\/strong> passeios de fim de semana, almo\u00e7os e happy hours.<\/p>\n<p>Garanta j\u00e1 a sua e flores\u00e7a por onde for! \ud83d\udecd\ufe0f\ud83d\udc96<\/p>\n<p>\ud83d\udcf2(79)9 9824-2520<\/p>\n","protected":false},"excerpt":{"rendered":"<p>Um toque de cor e alegria para o seu dia! \ud83c\udf3a\u2728 Nosso wrap top floral \u00e9 a pe\u00e7a perfeita para [&hellip;]<\/p>\n","protected":false},"featured_media":2247,"template":"","meta":{"_eb_attr":"","_uag_custom_page_level_css":"","site-sidebar-layout":"default","site-content-layout":"","ast-site-content-layout":"default","site-content-style":"default","site-sidebar-style":"default","ast-global-header-display":"","ast-banner-title-visibility":"","ast-main-header-display":"","ast-hfb-above-header-display":"","ast-hfb-below-header-display":"","ast-hfb-mobile-header-display":"","site-post-title":"","ast-breadcrumbs-content":"","ast-featured-img":"","footer-sml-layout":"","theme-transparent-header-meta":"","adv-header-id-meta":"","stick-header-meta":"","header-above-stick-meta":"","header-main-stick-meta":"","header-below-stick-meta":"","astra-migrate-meta-layouts":"default","ast-page-background-enabled":"default","ast-page-background-meta":{"desktop":{"background-color":"var(--ast-global-color-5)","background-image":"","background-repeat":"repeat","background-position":"center center","background-size":"auto","background-attachment":"scroll","background-type":"","background-media":"","overlay-type":"","overlay-color":"","overlay-opacity":"","overlay-gradient":""},"tablet":{"background-color":"","background-image":"","background-repeat":"repeat","background-position":"center center","background-size":"auto","background-attachment":"scroll","background-type":"","background-media":"","overlay-type":"","overlay-color":"","overlay-opacity":"","overlay-gradient":""},"mobile":{"background-color":"","background-image":"","background-repeat":"repeat","background-position":"center center","background-size":"auto","background-attachment":"scroll","background-type":"","background-media":"","overlay-type":"","overlay-color":"","overlay-opacity":"","overlay-gradient":""}},"ast-content-background-meta":{"desktop":{"background-color":"var(--ast-global-color-4)","background-image":"","background-repeat":"repeat","background-position":"center center","background-size":"auto","background-attachment":"scroll","background-type":"","background-media":"","overlay-type":"","overlay-color":"","overlay-opacity":"","overlay-gradient":""},"tablet":{"background-color":"var(--ast-global-color-4)","background-image":"","background-repeat":"repeat","background-position":"center center","background-size":"auto","background-attachment":"scroll","background-type":"","background-media":"","overlay-type":"","overlay-color":"","overlay-opacity":"","overlay-gradient":""},"mobile":{"background-color":"var(--ast-global-color-4)","background-image":"","background-repeat":"repeat","background-position":"center center","background-size":"auto","background-attachment":"scroll","background-type":"","background-media":"","overlay-type":"","overlay-color":"","overlay-opacity":"","overlay-gradient":""}}},"product_brand":[],"product_cat":[90],"product_tag":[],"class_list":{"0":"post-2248","1":"product","2":"type-product","3":"status-publish","4":"has-post-thumbnail","6":"product_cat-moda-feminina","7":"desktop-align-left","8":"tablet-align-left","9":"mobile-align-center","11":"first","12":"instock","13":"sale","14":"shipping-taxable","15":"purchasable","16":"product-type-simple"},"uagb_featured_image_src":{"full":["https:\/\/jslcollection.store\/wp\/wp-content\/uploads\/2025\/09\/img_0164.jpeg",864,1184,false],"thumbnail":["https:\/\/jslcollection.store\/wp\/wp-content\/uploads\/2025\/09\/img_0164-150x150.jpeg",150,150,true],"medium":["https:\/\/jslcollection.store\/wp\/wp-content\/uploads\/2025\/09\/img_0164-219x300.jpeg",219,300,true],"medium_large":["https:\/\/jslcollection.store\/wp\/wp-content\/uploads\/2025\/09\/img_0164-768x1052.jpeg",768,1052,true],"large":["https:\/\/jslcollection.store\/wp\/wp-content\/uploads\/2025\/09\/img_0164-747x1024.jpeg",747,1024,true],"1536x1536":["https:\/\/jslcollection.store\/wp\/wp-content\/uploads\/2025\/09\/img_0164.jpeg",864,1184,false],"2048x2048":["https:\/\/jslcollection.store\/wp\/wp-content\/uploads\/2025\/09\/img_0164.jpeg",864,1184,false],"mailpoet_newsletter_max":["https:\/\/jslcollection.store\/wp\/wp-content\/uploads\/2025\/09\/img_0164.jpeg",864,1184,false],"woocommerce_thumbnail":["https:\/\/jslcollection.store\/wp\/wp-content\/uploads\/2025\/09\/img_0164-300x411.jpeg",300,411,true],"woocommerce_single":["https:\/\/jslcollection.store\/wp\/wp-content\/uploads\/2025\/09\/img_0164-600x822.jpeg",600,822,true],"woocommerce_gallery_thumbnail":["https:\/\/jslcollection.store\/wp\/wp-content\/uploads\/2025\/09\/img_0164-100x100.jpeg",100,100,true]},"uagb_author_info":{"display_name":"jslcolle","author_link":"https:\/\/jslcollection.store\/wp\/author\/"},"uagb_comment_info":0,"uagb_excerpt":"Um toque de cor e alegria para o seu dia! \ud83c\udf3a\u2728 Nosso wrap top floral \u00e9 a pe\u00e7a perfeita para [&hellip;]","jetpack_sharing_enabled":true,"_links":{"self":[{"href":"https:\/\/jslcollection.store\/wp\/wp-json\/wp\/v2\/product\/2248","targetHints":{"allow":["GET"]}}],"collection":[{"href":"https:\/\/jslcollection.store\/wp\/wp-json\/wp\/v2\/product"}],"about":[{"href":"https:\/\/jslcollection.store\/wp\/wp-json\/wp\/v2\/types\/product"}],"wp:featuredmedia":[{"embeddable":true,"href":"https:\/\/jslcollection.store\/wp\/wp-json\/wp\/v2\/media\/2247"}],"wp:attachment":[{"href":"https:\/\/jslcollection.store\/wp\/wp-json\/wp\/v2\/media?parent=2248"}],"wp:term":[{"taxonomy":"product_brand","embeddable":true,"href":"https:\/\/jslcollection.store\/wp\/wp-json\/wp\/v2\/product_brand?post=2248"},{"taxonomy":"product_cat","embeddable":true,"href":"https:\/\/jslcollection.store\/wp\/wp-json\/wp\/v2\/product_cat?post=2248"},{"taxonomy":"product_tag","embeddable":true,"href":"https:\/\/jslcollection.store\/wp\/wp-json\/wp\/v2\/product_tag?post=2248"}],"curies":[{"name":"wp","href":"https:\/\/api.w.org\/{rel}","templated":true}]}}