{"id":985,"date":"2025-08-20T16:10:53","date_gmt":"2025-08-20T16:10:53","guid":{"rendered":"https:\/\/jslcollection.store\/wp\/produto\/conjunto-academia-cala\/"},"modified":"2026-04-25T02:11:17","modified_gmt":"2026-04-25T02:11:17","slug":"conjunto-academia-cala","status":"publish","type":"product","link":"https:\/\/jslcollection.store\/wp\/produto\/conjunto-academia-cala\/","title":{"rendered":"CONJUNTO DUDA ACADEMIA"},"content":{"rendered":"<p>TAM: G<\/p>\n","protected":false},"excerpt":{"rendered":"<p>Conjunto Fitness Feminino \u2013 Cal\u00e7a + Top Rosa \u2728<\/p>\n<p>Arrase no treino com conforto e estilo!<br \/>\nNosso conjunto de academia acompanha cal\u00e7a legging e top, ambos na cor rosa, pensados para valorizar o corpo e garantir total liberdade de movimentos.<\/p>\n<p>\u2714\ufe0f Tecido confort\u00e1vel e de \u00f3tima elasticidade<br \/>\n\u2714\ufe0f Ajuste perfeito que modela sem apertar<br \/>\n\u2714\ufe0f Cor vibrante que traz energia e motiva\u00e7\u00e3o<br \/>\n\u2714\ufe0f Ideal para academia, caminhada, corrida ou at\u00e9 mesmo para compor looks casuais fitness<\/p>\n<p>Com esse conjunto, voc\u00ea vai se sentir poderosa, confiante e cheia de disposi\u00e7\u00e3o para conquistar seus objetivos! \ud83d\udcaa\ud83d\udc96<\/p>\n","protected":false},"featured_media":2336,"template":"","meta":{"_eb_attr":"","_uag_custom_page_level_css":"","site-sidebar-layout":"default","site-content-layout":"","ast-site-content-layout":"default","site-content-style":"default","site-sidebar-style":"default","ast-global-header-display":"","ast-banner-title-visibility":"","ast-main-header-display":"","ast-hfb-above-header-display":"","ast-hfb-below-header-display":"","ast-hfb-mobile-header-display":"","site-post-title":"","ast-breadcrumbs-content":"","ast-featured-img":"","footer-sml-layout":"","theme-transparent-header-meta":"default","adv-header-id-meta":"","stick-header-meta":"","header-above-stick-meta":"","header-main-stick-meta":"","header-below-stick-meta":"","astra-migrate-meta-layouts":"set","ast-page-background-enabled":"default","ast-page-background-meta":{"desktop":{"background-color":"var(--ast-global-color-5)","background-image":"","background-repeat":"repeat","background-position":"center center","background-size":"auto","background-attachment":"scroll","background-type":"","background-media":"","overlay-type":"","overlay-color":"","overlay-opacity":"","overlay-gradient":""},"tablet":{"background-color":"","background-image":"","background-repeat":"repeat","background-position":"center center","background-size":"auto","background-attachment":"scroll","background-type":"","background-media":"","overlay-type":"","overlay-color":"","overlay-opacity":"","overlay-gradient":""},"mobile":{"background-color":"","background-image":"","background-repeat":"repeat","background-position":"center center","background-size":"auto","background-attachment":"scroll","background-type":"","background-media":"","overlay-type":"","overlay-color":"","overlay-opacity":"","overlay-gradient":""}},"ast-content-background-meta":{"desktop":{"background-color":"var(--ast-global-color-4)","background-image":"","background-repeat":"repeat","background-position":"center center","background-size":"auto","background-attachment":"scroll","background-type":"","background-media":"","overlay-type":"","overlay-color":"","overlay-opacity":"","overlay-gradient":""},"tablet":{"background-color":"var(--ast-global-color-4)","background-image":"","background-repeat":"repeat","background-position":"center center","background-size":"auto","background-attachment":"scroll","background-type":"","background-media":"","overlay-type":"","overlay-color":"","overlay-opacity":"","overlay-gradient":""},"mobile":{"background-color":"var(--ast-global-color-4)","background-image":"","background-repeat":"repeat","background-position":"center center","background-size":"auto","background-attachment":"scroll","background-type":"","background-media":"","overlay-type":"","overlay-color":"","overlay-opacity":"","overlay-gradient":""}},"_joinchat":[]},"product_brand":[],"product_cat":[90],"product_tag":[],"class_list":{"0":"post-985","1":"product","2":"type-product","3":"status-publish","4":"has-post-thumbnail","6":"product_cat-moda-feminina","7":"desktop-align-left","8":"tablet-align-left","9":"mobile-align-center","11":"first","12":"instock","13":"sale","14":"shipping-taxable","15":"purchasable","16":"product-type-simple"},"uagb_featured_image_src":{"full":["https:\/\/jslcollection.store\/wp\/wp-content\/uploads\/2025\/08\/img_0221.jpeg",768,1344,false],"thumbnail":["https:\/\/jslcollection.store\/wp\/wp-content\/uploads\/2025\/08\/img_0221-150x150.jpeg",150,150,true],"medium":["https:\/\/jslcollection.store\/wp\/wp-content\/uploads\/2025\/08\/img_0221-171x300.jpeg",171,300,true],"medium_large":["https:\/\/jslcollection.store\/wp\/wp-content\/uploads\/2025\/08\/img_0221.jpeg",768,1344,false],"large":["https:\/\/jslcollection.store\/wp\/wp-content\/uploads\/2025\/08\/img_0221-585x1024.jpeg",585,1024,true],"1536x1536":["https:\/\/jslcollection.store\/wp\/wp-content\/uploads\/2025\/08\/img_0221.jpeg",768,1344,false],"2048x2048":["https:\/\/jslcollection.store\/wp\/wp-content\/uploads\/2025\/08\/img_0221.jpeg",768,1344,false],"mailpoet_newsletter_max":["https:\/\/jslcollection.store\/wp\/wp-content\/uploads\/2025\/08\/img_0221.jpeg",768,1344,false],"woocommerce_thumbnail":["https:\/\/jslcollection.store\/wp\/wp-content\/uploads\/2025\/08\/img_0221-300x525.jpeg",300,525,true],"woocommerce_single":["https:\/\/jslcollection.store\/wp\/wp-content\/uploads\/2025\/08\/img_0221-600x1050.jpeg",600,1050,true],"woocommerce_gallery_thumbnail":["https:\/\/jslcollection.store\/wp\/wp-content\/uploads\/2025\/08\/img_0221-100x100.jpeg",100,100,true]},"uagb_author_info":{"display_name":"jslcolle","author_link":"https:\/\/jslcollection.store\/wp\/author\/"},"uagb_comment_info":0,"uagb_excerpt":"Conjunto Fitness Feminino \u2013 Cal\u00e7a + Top Rosa \u2728 Arrase no treino com conforto e estilo! Nosso conjunto de academia acompanha cal\u00e7a legging e top, ambos na cor rosa, pensados para valorizar o corpo e garantir total liberdade de movimentos. \u2714\ufe0f Tecido confort\u00e1vel e de \u00f3tima elasticidade \u2714\ufe0f Ajuste perfeito que modela sem apertar \u2714\ufe0f&hellip;","jetpack_sharing_enabled":true,"_links":{"self":[{"href":"https:\/\/jslcollection.store\/wp\/wp-json\/wp\/v2\/product\/985","targetHints":{"allow":["GET"]}}],"collection":[{"href":"https:\/\/jslcollection.store\/wp\/wp-json\/wp\/v2\/product"}],"about":[{"href":"https:\/\/jslcollection.store\/wp\/wp-json\/wp\/v2\/types\/product"}],"wp:featuredmedia":[{"embeddable":true,"href":"https:\/\/jslcollection.store\/wp\/wp-json\/wp\/v2\/media\/2336"}],"wp:attachment":[{"href":"https:\/\/jslcollection.store\/wp\/wp-json\/wp\/v2\/media?parent=985"}],"wp:term":[{"taxonomy":"product_brand","embeddable":true,"href":"https:\/\/jslcollection.store\/wp\/wp-json\/wp\/v2\/product_brand?post=985"},{"taxonomy":"product_cat","embeddable":true,"href":"https:\/\/jslcollection.store\/wp\/wp-json\/wp\/v2\/product_cat?post=985"},{"taxonomy":"product_tag","embeddable":true,"href":"https:\/\/jslcollection.store\/wp\/wp-json\/wp\/v2\/product_tag?post=985"}],"curies":[{"name":"wp","href":"https:\/\/api.w.org\/{rel}","templated":true}]}}